{"id":540,"date":"2013-09-19T15:34:03","date_gmt":"2013-09-19T14:34:03","guid":{"rendered":"https:\/\/www.grand-corbin-despagne.com\/?page_id=540"},"modified":"2021-03-26T09:44:06","modified_gmt":"2021-03-26T08:44:06","slug":"what-the-press-says","status":"publish","type":"page","link":"https:\/\/www.grand-corbin-despagne.com\/en\/what-the-press-says\/","title":{"rendered":"What the press says"},"content":{"rendered":"<div class=\"slider\">\n\t\t\t<!-- START Presse REVOLUTION SLIDER 6.2.23 --><p class=\"rs-p-wp-fix\"><\/p>\n\t\t\t<rs-module-wrap id=\"rev_slider_23_1_wrapper\" data-source=\"gallery\" style=\"background:transparent;padding:0;margin:0px auto;margin-top:0;margin-bottom:0;\">\n\t\t\t\t<rs-module id=\"rev_slider_23_1\" style=\"\" data-version=\"6.2.23\">\n\t\t\t\t\t<rs-slides>\n\t\t\t\t\t\t<rs-slide data-key=\"rs-107\" data-title=\"Slide\" data-anim=\"ei:d;eo:d;s:1000;r:0;t:fade;sl:0;\">\n\t\t\t\t\t\t\t<img loading=\"lazy\" decoding=\"async\" src=\"\/\/www.grand-corbin-despagne.com\/wp-content\/uploads\/2020\/11\/presse012.jpg\" title=\"presse012\" width=\"2560\" height=\"1000\" class=\"rev-slidebg\" data-no-retina>\n<!---->\t\t\t\t\t\t<\/rs-slide>\n\t\t\t\t\t\t<rs-slide data-key=\"rs-106\" data-title=\"Slide\" data-anim=\"ei:d;eo:d;s:1000;r:0;t:fade;sl:0;\">\n\t\t\t\t\t\t\t<img loading=\"lazy\" decoding=\"async\" src=\"\/\/www.grand-corbin-despagne.com\/wp-content\/uploads\/2020\/08\/presse02.jpg\" title=\"presse02\" width=\"2560\" height=\"1000\" class=\"rev-slidebg\" data-no-retina>\n<!---->\t\t\t\t\t\t<\/rs-slide>\n\t\t\t\t\t\t<rs-slide data-key=\"rs-105\" data-title=\"Slide\" data-anim=\"ei:d;eo:d;s:1000;r:0;t:fade;sl:0;\">\n\t\t\t\t\t\t\t<img loading=\"lazy\" decoding=\"async\" src=\"\/\/www.grand-corbin-despagne.com\/wp-content\/uploads\/2020\/08\/presse03.jpg\" title=\"presse03\" width=\"2560\" height=\"1000\" class=\"rev-slidebg\" data-no-retina>\n<!---->\t\t\t\t\t\t<\/rs-slide>\n\t\t\t\t\t<\/rs-slides>\n\t\t\t\t<\/rs-module>\n\t\t\t\t<script type=\"text\/javascript\">\n\t\t\t\t\tsetREVStartSize({c: 'rev_slider_23_1',rl:[1240,1024,778,480],el:[1000],gw:[2560],gh:[1000],type:'standard',justify:'',layout:'fullwidth',mh:\"0\"});\n\t\t\t\t\tvar\trevapi23,\n\t\t\t\t\t\ttpj;\n\t\t\t\t\tfunction revinit_revslider231() {\n\t\t\t\t\tjQuery(function() {\n\t\t\t\t\t\ttpj = jQuery;\n\t\t\t\t\t\trevapi23 = tpj(\"#rev_slider_23_1\");\n\t\t\t\t\t\tif(revapi23==undefined || revapi23.revolution == undefined){\n\t\t\t\t\t\t\trevslider_showDoubleJqueryError(\"rev_slider_23_1\");\n\t\t\t\t\t\t}else{\n\t\t\t\t\t\t\trevapi23.revolution({\n\t\t\t\t\t\t\t\tsliderLayout:\"fullwidth\",\n\t\t\t\t\t\t\t\tduration:\"2500ms\",\n\t\t\t\t\t\t\t\tvisibilityLevels:\"1240,1024,778,480\",\n\t\t\t\t\t\t\t\tgridwidth:2560,\n\t\t\t\t\t\t\t\tgridheight:1000,\n\t\t\t\t\t\t\t\tautoHeight:true,\n\t\t\t\t\t\t\t\tspinner:\"spinner2\",\n\t\t\t\t\t\t\t\tperspective:600,\n\t\t\t\t\t\t\t\tperspectiveType:\"global\",\n\t\t\t\t\t\t\t\teditorheight:\"1000,768,960,720\",\n\t\t\t\t\t\t\t\tresponsiveLevels:\"1240,1024,778,480\",\n\t\t\t\t\t\t\t\tprogressBar:{disableProgressBar:true},\n\t\t\t\t\t\t\t\tnavigation: {\n\t\t\t\t\t\t\t\t\tonHoverStop:false\n\t\t\t\t\t\t\t\t},\n\t\t\t\t\t\t\t\tfallbacks: {\n\t\t\t\t\t\t\t\t\tallowHTML5AutoPlayOnAndroid:true\n\t\t\t\t\t\t\t\t},\n\t\t\t\t\t\t\t});\n\t\t\t\t\t\t}\n\t\t\t\t\t\t\n\t\t\t\t\t});\n\t\t\t\t\t} \/\/ End of RevInitScript\n\t\t\t\tvar once_revslider231 = false;\n\t\t\t\tif (document.readyState === \"loading\") {document.addEventListener('readystatechange',function() { if((document.readyState === \"interactive\" || document.readyState === \"complete\") && !once_revslider231 ) { once_revslider231 = true; revinit_revslider231();}});} else {once_revslider231 = true; revinit_revslider231();}\n\t\t\t\t<\/script>\n\t\t\t\t<script>\n\t\t\t\t\tvar htmlDivCss = ' #rev_slider_23_1_wrapper rs-loader.spinner2{ background-color: #ffffff !important; } ';\n\t\t\t\t\tvar htmlDiv = document.getElementById('rs-plugin-settings-inline-css');\n\t\t\t\t\tif(htmlDiv) {\n\t\t\t\t\t\thtmlDiv.innerHTML = htmlDiv.innerHTML + htmlDivCss;\n\t\t\t\t\t}else{\n\t\t\t\t\t\tvar htmlDiv = document.createElement('div');\n\t\t\t\t\t\thtmlDiv.innerHTML = '<style>' + htmlDivCss + '<\/style>';\n\t\t\t\t\t\tdocument.getElementsByTagName('head')[0].appendChild(htmlDiv.childNodes[0]);\n\t\t\t\t\t}\n\t\t\t\t<\/script>\n\t\t\t<\/rs-module-wrap>\n\t\t\t<!-- END REVOLUTION SLIDER -->\n<\/p>\n<div class=\"scrollbtn\"><span>Scroll to continue<\/span><br \/><img loading=\"lazy\" decoding=\"async\" src=\"https:\/\/www.grand-corbin-despagne.com\/wp-content\/uploads\/2021\/03\/scrollbtn.png\" alt=\"\" width=\"50\" height=\"20\" class=\"aligncenter size-full wp-image-1795\" \/><\/div>\n<\/div>\n<div class=\"content\">\n<ul class=\"presse\">\n<li>\n<h3>Terre de Vins &#8211; Novembre D\u00e9cembre 2020<\/h3>\n<p>\u00ab On ne vantera jamais assez les m\u00e9rites de Fran\u00e7ois Despagne, grand vigneron et ambassadeur inestimable de Saint-\u00c9milion. \u00bb<em><\/em><br \/>\n<a class=\"dl\" href=\"https:\/\/www.grand-corbin-despagne.com\/wp-content\/uploads\/2021\/03\/Terre-de-Vins-Novembre-Decembre-2020-scaled.jpg\" target=\"_blank\" rel=\"noopener noreferrer\">T\u00e9l\u00e9charger l&#8217;article<\/a><\/p>\n<\/li>\n<li>\n<h3>La Revue du vin de France &#8211; Novembre 2020<\/h3>\n<p>\u00ab Un vin sain et franc, capable de faire aimer Saint-\u00c9milion au plus grand nombre. \u00bb<em><\/em><br \/>\n<a class=\"dl\" href=\"https:\/\/www.grand-corbin-despagne.com\/wp-content\/uploads\/2021\/03\/La-Revue-du-Vin-de-France-novembre-2020-scaled.jpg\" target=\"_blank\" rel=\"noopener noreferrer\">T\u00e9l\u00e9charger l&#8217;article<\/a><\/p>\n<\/li>\n<li>\n<h3>Les Echos Week-end &#8211; Novembre 2019<\/h3>\n<p>\u00ab Au royaume du grand vin, son nom est de ceux qui forcent respect et admiration. \u00bb<em><\/em><br \/>\n<a class=\"dl\" href=\"https:\/\/www.grand-corbin-despagne.com\/wp-content\/uploads\/2019\/12\/19-11-29-Les-Echos-Week-end-29-30-novembre-2019.jpg\" target=\"_blank\" rel=\"noopener noreferrer\">T\u00e9l\u00e9charger l&#8217;article<\/a><\/p>\n<\/li>\n<li>\n<h3>La Revue du Vin de France &#8211; Mars 2019<\/h3>\n<p>\u00ab Fran\u00e7ois Despagne, aux commandes depuis 1996, est \u00e0 la fois un homme de science et de conviction. \u00bb<em><\/em><br \/>\n<a class=\"dl\" href=\"https:\/\/www.grand-corbin-despagne.com\/wp-content\/uploads\/2019\/10\/La_Revue_du_Vin_de_France_Mars_2019.jpg\" target=\"_blank\" rel=\"noopener noreferrer\">Download the article<\/a><\/p>\n<\/li>\n<li>\n<h3>Vigneron &#8211; Automne 2019<\/h3>\n<p><em>\u00ab Septi\u00e8me g\u00e9n\u00e9ration et Pr\u00e9sident des Grands Crus Class\u00e9s, Fran\u00e7ois Despagne donne le &#8220;la&#8221; de l&#8217;excellence\u00bb<\/em><br \/>\n<a class=\"dl\" href=\"https:\/\/www.grand-corbin-despagne.com\/wp-content\/uploads\/2019\/10\/Vigneron_automne_2019.jpg\" target=\"_blank\" rel=\"noopener noreferrer\">Download the article<\/a><\/p>\n<\/li>\n<li>\n<h3>Guide des meilleurs Vins de France 2020<\/h3>\n<p><em>\u00ab Un vin complet et promis \u00e0 une longue carri\u00e8re \u00bb<\/em><br \/>\n<a class=\"dl\" href=\"https:\/\/www.grand-corbin-despagne.com\/wp-content\/uploads\/2019\/10\/Guide_des_meilleurs_Vins_de_France_2020.jpg\" target=\"_blank\" rel=\"noopener noreferrer\">Download the article<\/a><\/p>\n<\/li>\n<li>\n<h3>Guide des Vins Bettane et Desseauve 2020<\/h3>\n<p><em>\u00ab Grand Corbin-Despagne est certainement le meilleur rapport qualit\u00e9-prix de Saint-\u00c9milion \u00bb<\/em><br \/>\n<a class=\"dl\" href=\"https:\/\/www.grand-corbin-despagne.com\/wp-content\/uploads\/2019\/10\/Guide_des_vins_Bettane_et_Desseauve_2020.jpg\" target=\"_blank\" rel=\"noopener noreferrer\">Download the article<\/a><\/p>\n<\/li>\n<li>\n<h3>Decanter<\/h3>\n<p><em>\u00ab Grand Corbin-Despagne represents the best value for money to be found in the GCCs at the moment \u00bb<\/em><br \/><a class=\"dl\" target=\"_blank\" href=\"https:\/\/www.grand-corbin-despagne.com\/download\/decanter_juillet2013.pdf\" rel=\"noopener noreferrer\">Download the article<\/a><\/p>\n<\/li>\n<li>\n<h3>Terre de Vins<\/h3>\n<p><em>\u00ab Les Despagne, le souffle de la terre \u00bb<\/em><br \/><a class=\"dl\" target=\"_blank\" href=\"https:\/\/www.grand-corbin-despagne.com\/download\/terredevins11.pdf\" rel=\"noopener noreferrer\">Download the article<\/a><\/p>\n<\/li>\n<li>\n<h3>La Revue du Vin de France<\/h3>\n<p><em>\u00ab Grands crus, la r\u00e9volution verte \u00bb<\/em><br \/><a class=\"dl\" target=\"_blank\" href=\"https:\/\/www.grand-corbin-despagne.com\/download\/rvf10.pdf\" rel=\"noopener noreferrer\">Download the article<\/a><\/p>\n<\/li>\n<li>\n<h3>Le Point<\/h3>\n<p><em>\u00ab Grand Corbin-Despagne retrouv\u00e9.\u00bb<\/em><br \/><a class=\"dl\" target=\"_blank\" href=\"https:\/\/www.grand-corbin-despagne.com\/download\/lepointjanvier06.pdf\" rel=\"noopener noreferrer\">Download the article<\/a><\/p>\n<\/li>\n<li>\n<h3>Le Nouvel Observateur<\/h3>\n<p><em>\u00ab Fran\u00e7ois Despagne : chimiste vert \u00bb<\/em><br \/><a class=\"dl\" target=\"_blank\" href=\"https:\/\/www.grand-corbin-despagne.com\/download\/nouvelobs09.pdf\" rel=\"noopener noreferrer\">Download the article<\/a><\/p>\n<\/li>\n<\/ul>\n<div class=\"clear\"><\/div>\n<p class=\"resume\">Find attached all the press articles about Ch\u00e2teau Grand Corbin-Despagne, Ch\u00e2teau Amp\u00e9lia et Ch\u00e2teau Le Chemin, classified by topic and vintage.<\/p>\n<p><a href=\"https:\/\/fr.zone-secure.net\/107987\/933344\/#\/list\/folder\/933401\" target=\"_blank\" rel=\"noopener noreferrer\"><img decoding=\"async\" src=\"https:\/\/www.grand-corbin-despagne.com\/wp-content\/uploads\/2020\/01\/presse_grandcorbin2020.png\" alt=\"Grand Corbin-Despagne\" \/><\/a> <a href=\"https:\/\/fr.zone-secure.net\/107987\/933344\/#\/list\/folder\/952612\" target=\"_blank\" rel=\"noopener noreferrer\"><img decoding=\"async\" src=\"https:\/\/www.grand-corbin-despagne.com\/wp-content\/uploads\/2020\/01\/presse_ampelia2020.png\" alt=\"Ch\u00e2teau Ampelia\" \/><\/a> <a href=\"https:\/\/fr.zone-secure.net\/107987\/933344\/#\/list\/folder\/952613\" target=\"_blank\" rel=\"noopener noreferrer\"><img decoding=\"async\" src=\"https:\/\/www.grand-corbin-despagne.com\/wp-content\/uploads\/2020\/01\/presse_lechemin2020.png\" alt=\"Ch\u00e2teau Le Chemin\" \/><\/a><\/p>\n<\/div>\n","protected":false},"excerpt":{"rendered":"<p>Scroll to continue Terre de Vins &#8211; Novembre D\u00e9cembre 2020 \u00ab On ne vantera jamais assez les m\u00e9rites de Fran\u00e7ois Despagne, grand vigneron et ambassadeur inestimable de Saint-\u00c9milion. \u00bb T\u00e9l\u00e9charger [&hellip;]<\/p>\n","protected":false},"author":1,"featured_media":0,"parent":0,"menu_order":0,"comment_status":"closed","ping_status":"closed","template":"page-templates\/full-width.php","meta":{"footnotes":""},"class_list":["post-540","page","type-page","status-publish","hentry"],"_links":{"self":[{"href":"https:\/\/www.grand-corbin-despagne.com\/en\/wp-json\/wp\/v2\/pages\/540","targetHints":{"allow":["GET"]}}],"collection":[{"href":"https:\/\/www.grand-corbin-despagne.com\/en\/wp-json\/wp\/v2\/pages"}],"about":[{"href":"https:\/\/www.grand-corbin-despagne.com\/en\/wp-json\/wp\/v2\/types\/page"}],"author":[{"embeddable":true,"href":"https:\/\/www.grand-corbin-despagne.com\/en\/wp-json\/wp\/v2\/users\/1"}],"replies":[{"embeddable":true,"href":"https:\/\/www.grand-corbin-despagne.com\/en\/wp-json\/wp\/v2\/comments?post=540"}],"version-history":[{"count":0,"href":"https:\/\/www.grand-corbin-despagne.com\/en\/wp-json\/wp\/v2\/pages\/540\/revisions"}],"wp:attachment":[{"href":"https:\/\/www.grand-corbin-despagne.com\/en\/wp-json\/wp\/v2\/media?parent=540"}],"curies":[{"name":"wp","href":"https:\/\/api.w.org\/{rel}","templated":true}]}}