{"id":1369,"date":"2019-12-16T10:52:23","date_gmt":"2019-12-16T09:52:23","guid":{"rendered":"https:\/\/www.grand-corbin-despagne.com\/?page_id=1369"},"modified":"2020-11-11T23:20:59","modified_gmt":"2020-11-11T22:20:59","slug":"videos","status":"publish","type":"page","link":"https:\/\/www.grand-corbin-despagne.com\/en\/videos\/","title":{"rendered":"Videos"},"content":{"rendered":"<div class=\"content\">\n\t\t\t<div \n\t\t\tclass=\"yotu-playlist yotuwp yotu-limit-min yotu-limit-max yotu-player-full  yotu-thumb-169  yotu-template-grid\" \n\t\t\tdata-page=\"1\"\n\t\t\tid=\"yotuwp-69ddc67129e32\"\n\t\t\tdata-yotu=\"69ddc6716b81e\"\n\t\t\tdata-total=\"1\"\n\t\t\tdata-settings=\"eyJ0eXBlIjoicGxheWxpc3QiLCJpZCI6IlVVcUtlTmJkcWktaDl1Ul9wWlFQR2ZSZyIsInBhZ2luYXRpb24iOiJvZmYiLCJwYWdpdHlwZSI6InBhZ2VyIiwiY29sdW1uIjoiMyIsInBlcl9wYWdlIjoiOTkiLCJ0ZW1wbGF0ZSI6ImdyaWQiLCJ0aXRsZSI6Im9uIiwiZGVzY3JpcHRpb24iOiJvZmYiLCJ0aHVtYnJhdGlvIjoiMTY5IiwibWV0YSI6Im9mZiIsIm1ldGFfZGF0YSI6Im9mZiIsIm1ldGFfcG9zaXRpb24iOiJvZmYiLCJkYXRlX2Zvcm1hdCI6Im9mZiIsIm1ldGFfYWxpZ24iOiJvZmYiLCJzdWJzY3JpYmUiOiJvZmYiLCJkdXJhdGlvbiI6Im9mZiIsIm1ldGFfaWNvbiI6Im9mZiIsIm5leHR0ZXh0IjoiIiwicHJldnRleHQiOiIiLCJsb2FkbW9yZXRleHQiOiIiLCJwbGF5ZXIiOnsibW9kZSI6ImxhcmdlIiwid2lkdGgiOiIwIiwic2Nyb2xsaW5nIjoiMTAwIiwiYXV0b3BsYXkiOjAsImNvbnRyb2xzIjoxLCJtb2Rlc3RicmFuZGluZyI6MSwibG9vcCI6MCwiYXV0b25leHQiOjAsInNob3dpbmZvIjoxLCJyZWwiOjEsInBsYXlpbmciOjAsInBsYXlpbmdfZGVzY3JpcHRpb24iOjAsInRodW1ibmFpbHMiOjAsImNjX2xvYWRfcG9saWN5IjoiMSIsImNjX2xhbmdfcHJlZiI6IjEiLCJobCI6IiIsIml2X2xvYWRfcG9saWN5IjoiMSJ9LCJsYXN0X3RhYiI6InBsYXllciIsInVzZV9hc19tb2RhbCI6Im9mZiIsIm1vZGFsX2lkIjoib2ZmIiwibGFzdF91cGRhdGUiOiIxNjE2NzEwOTYzIiwic3R5bGluZyI6eyJwYWdlcl9sYXlvdXQiOiJkZWZhdWx0IiwiYnV0dG9uIjoiMSIsImJ1dHRvbl9jb2xvciI6IiIsImJ1dHRvbl9iZ19jb2xvciI6IiIsImJ1dHRvbl9jb2xvcl9ob3ZlciI6IiIsImJ1dHRvbl9iZ19jb2xvcl9ob3ZlciI6IiIsInZpZGVvX3N0eWxlIjoiIiwicGxheWljb25fY29sb3IiOiIiLCJob3Zlcl9pY29uIjoiIiwiZ2FsbGVyeV9iZyI6IiJ9LCJlZmZlY3RzIjp7InZpZGVvX2JveCI6IiIsImZsaXBfZWZmZWN0IjoiIn0sImdhbGxlcnlfaWQiOiI2OWRkYzY3MTI5ZTMyIiwibmV4dCI6IiIsInByZXYiOiIifQ==\"\n\t\t\tdata-player=\"large\"\n\t\t\tdata-showdesc=\"off\" >\n\t\t\t\t<div>\n\t\t\t\t\t\t\t\t\t\t<div class=\"yotu-wrapper-player\" style=\"\">\n\t\t\t\t\t\t\t\t\t\t\t\t<div class=\"yotu-player\">\n\t\t\t\t\t\t\t<div class=\"yotu-video-placeholder\" id=\"yotu-player-69ddc6716b81e\"><\/div>\n\t\t\t\t\t\t<\/div>\n\t\t\t\t\t\t<div class=\"yotu-playing-status\"><\/div>\n\t\t\t\t\t\t\t\t\t\t\t<\/div>\n\n\t\t\t\t\t<div class=\"yotu-videos yotu-mode-grid yotu-column-3 yotu-player-mode-large\">\n\t<ul>\n\t\t\t\t\t<li class=\" yotu-first\">\n\t\t\t\t\t\t\t\t<a href=\"#qQkVw9Y4JQ0\" class=\"yotu-video\" data-videoid=\"qQkVw9Y4JQ0\" data-title=\"Vendanges 2024, Un Mill\u00e9sime de Vignerons\" title=\"Vendanges 2024, Un Mill\u00e9sime de Vignerons\">\n\t\t\t\t\t<div class=\"yotu-video-thumb-wrp\">\n\t\t\t\t\t\t<div>\n\t\t\t\t\t\t\t\t\t\t\t\t\t\t<img decoding=\"async\" class=\"yotu-video-thumb\" src=\"https:\/\/i.ytimg.com\/vi\/qQkVw9Y4JQ0\/sddefault.jpg\" alt=\"Vendanges 2024, Un Mill\u00e9sime de Vignerons\">\t\n\t\t\t\t\t\t\t\t\t\t\t\t\t<\/div>\n\t\t\t\t\t<\/div>\n\t\t\t\t\t\t\t\t\t\t\t<h3 class=\"yotu-video-title\">Vendanges 2024, Un Mill\u00e9sime de Vignerons<\/h3>\n\t\t\t\t\t\t\t\t\t\t\t\t\t\t\t\t\t\t\t<\/a>\n\t\t\t\t\t\t\t<\/li>\n\t\t\t\t\n\t\t\t\t\t\t<li class=\"\">\n\t\t\t\t\t\t\t\t<a href=\"#MHrqP4w0VmQ\" class=\"yotu-video\" data-videoid=\"MHrqP4w0VmQ\" data-title=\"Mill\u00e9sime 2024 En Primeur | Ch\u00e2teau Grand Corbin-Despagne\" title=\"Mill\u00e9sime 2024 En Primeur | Ch\u00e2teau Grand Corbin-Despagne\">\n\t\t\t\t\t<div class=\"yotu-video-thumb-wrp\">\n\t\t\t\t\t\t<div>\n\t\t\t\t\t\t\t\t\t\t\t\t\t\t<img decoding=\"async\" class=\"yotu-video-thumb\" src=\"https:\/\/i.ytimg.com\/vi\/MHrqP4w0VmQ\/sddefault.jpg\" alt=\"Mill\u00e9sime 2024 En Primeur | Ch\u00e2teau Grand Corbin-Despagne\">\t\n\t\t\t\t\t\t\t\t\t\t\t\t\t<\/div>\n\t\t\t\t\t<\/div>\n\t\t\t\t\t\t\t\t\t\t\t<h3 class=\"yotu-video-title\">Mill\u00e9sime 2024 En Primeur | Ch\u00e2teau Grand Corbin-Despagne<\/h3>\n\t\t\t\t\t\t\t\t\t\t\t\t\t\t\t\t\t\t\t<\/a>\n\t\t\t\t\t\t\t<\/li>\n\t\t\t\t\n\t\t\t\t\t\t<li class=\"\">\n\t\t\t\t\t\t\t\t<a href=\"#RV88i54_ff4\" class=\"yotu-video\" data-videoid=\"RV88i54_ff4\" data-title=\"Travail de d\u00e9cavaillonnage avec des chevaux\" title=\"Travail de d\u00e9cavaillonnage avec des chevaux\">\n\t\t\t\t\t<div class=\"yotu-video-thumb-wrp\">\n\t\t\t\t\t\t<div>\n\t\t\t\t\t\t\t\t\t\t\t\t\t\t<img decoding=\"async\" class=\"yotu-video-thumb\" src=\"https:\/\/i.ytimg.com\/vi\/RV88i54_ff4\/sddefault.jpg\" alt=\"Travail de d\u00e9cavaillonnage avec des chevaux\">\t\n\t\t\t\t\t\t\t\t\t\t\t\t\t<\/div>\n\t\t\t\t\t<\/div>\n\t\t\t\t\t\t\t\t\t\t\t<h3 class=\"yotu-video-title\">Travail de d\u00e9cavaillonnage avec des chevaux<\/h3>\n\t\t\t\t\t\t\t\t\t\t\t\t\t\t\t\t\t\t\t<\/a>\n\t\t\t\t\t\t\t<\/li>\n\t\t\t\t\n\t\t\t\t\t\t<li class=\"\">\n\t\t\t\t\t\t\t\t<a href=\"#aMnq_31ZuCo\" class=\"yotu-video\" data-videoid=\"aMnq_31ZuCo\" data-title=\"Mill\u00e9sime 2023 En Primeur - Ch\u00e2teau Grand Corbin-Despagne\" title=\"Mill\u00e9sime 2023 En Primeur - Ch\u00e2teau Grand Corbin-Despagne\">\n\t\t\t\t\t<div class=\"yotu-video-thumb-wrp\">\n\t\t\t\t\t\t<div>\n\t\t\t\t\t\t\t\t\t\t\t\t\t\t<img decoding=\"async\" class=\"yotu-video-thumb\" src=\"https:\/\/i.ytimg.com\/vi\/aMnq_31ZuCo\/sddefault.jpg\" alt=\"Mill\u00e9sime 2023 En Primeur - Ch\u00e2teau Grand Corbin-Despagne\">\t\n\t\t\t\t\t\t\t\t\t\t\t\t\t<\/div>\n\t\t\t\t\t<\/div>\n\t\t\t\t\t\t\t\t\t\t\t<h3 class=\"yotu-video-title\">Mill\u00e9sime 2023 En Primeur - Ch\u00e2teau Grand Corbin-Despagne<\/h3>\n\t\t\t\t\t\t\t\t\t\t\t\t\t\t\t\t\t\t\t<\/a>\n\t\t\t\t\t\t\t<\/li>\n\t\t\t\t\n\t\t\t\t\t\t<li class=\"\">\n\t\t\t\t\t\t\t\t<a href=\"#peOwgu2b8w0\" class=\"yotu-video\" data-videoid=\"peOwgu2b8w0\" data-title=\"Nos engagements environnementaux\" title=\"Nos engagements environnementaux\">\n\t\t\t\t\t<div class=\"yotu-video-thumb-wrp\">\n\t\t\t\t\t\t<div>\n\t\t\t\t\t\t\t\t\t\t\t\t\t\t<img decoding=\"async\" class=\"yotu-video-thumb\" src=\"https:\/\/i.ytimg.com\/vi\/peOwgu2b8w0\/sddefault.jpg\" alt=\"Nos engagements environnementaux\">\t\n\t\t\t\t\t\t\t\t\t\t\t\t\t<\/div>\n\t\t\t\t\t<\/div>\n\t\t\t\t\t\t\t\t\t\t\t<h3 class=\"yotu-video-title\">Nos engagements environnementaux<\/h3>\n\t\t\t\t\t\t\t\t\t\t\t\t\t\t\t\t\t\t\t<\/a>\n\t\t\t\t\t\t\t<\/li>\n\t\t\t\t\n\t\t\t\t\t\t<li class=\"\">\n\t\t\t\t\t\t\t\t<a href=\"#1-RbtB3ME_c\" class=\"yotu-video\" data-videoid=\"1-RbtB3ME_c\" data-title=\"Les vendanges 2023 \u00e0 Grand Corbin-Despagne\" title=\"Les vendanges 2023 \u00e0 Grand Corbin-Despagne\">\n\t\t\t\t\t<div class=\"yotu-video-thumb-wrp\">\n\t\t\t\t\t\t<div>\n\t\t\t\t\t\t\t\t\t\t\t\t\t\t<img decoding=\"async\" class=\"yotu-video-thumb\" src=\"https:\/\/i.ytimg.com\/vi\/1-RbtB3ME_c\/sddefault.jpg\" alt=\"Les vendanges 2023 \u00e0 Grand Corbin-Despagne\">\t\n\t\t\t\t\t\t\t\t\t\t\t\t\t<\/div>\n\t\t\t\t\t<\/div>\n\t\t\t\t\t\t\t\t\t\t\t<h3 class=\"yotu-video-title\">Les vendanges 2023 \u00e0 Grand Corbin-Despagne<\/h3>\n\t\t\t\t\t\t\t\t\t\t\t\t\t\t\t\t\t\t\t<\/a>\n\t\t\t\t\t\t\t<\/li>\n\t\t\t\t\n\t\t\t\t\t\t<li class=\"\">\n\t\t\t\t\t\t\t\t<a href=\"#xHFBv3zG5aQ\" class=\"yotu-video\" data-videoid=\"xHFBv3zG5aQ\" data-title=\"Mill\u00e9sime 2022 en Primeur - Ch\u00e2teau Grand Corbin-Despagne\" title=\"Mill\u00e9sime 2022 en Primeur - Ch\u00e2teau Grand Corbin-Despagne\">\n\t\t\t\t\t<div class=\"yotu-video-thumb-wrp\">\n\t\t\t\t\t\t<div>\n\t\t\t\t\t\t\t\t\t\t\t\t\t\t<img decoding=\"async\" class=\"yotu-video-thumb\" src=\"https:\/\/i.ytimg.com\/vi\/xHFBv3zG5aQ\/sddefault.jpg\" alt=\"Mill\u00e9sime 2022 en Primeur - Ch\u00e2teau Grand Corbin-Despagne\">\t\n\t\t\t\t\t\t\t\t\t\t\t\t\t<\/div>\n\t\t\t\t\t<\/div>\n\t\t\t\t\t\t\t\t\t\t\t<h3 class=\"yotu-video-title\">Mill\u00e9sime 2022 en Primeur - Ch\u00e2teau Grand Corbin-Despagne<\/h3>\n\t\t\t\t\t\t\t\t\t\t\t\t\t\t\t\t\t\t\t<\/a>\n\t\t\t\t\t\t\t<\/li>\n\t\t\t\t\n\t\t\t\t\t\t<li class=\"\">\n\t\t\t\t\t\t\t\t<a href=\"#lnR2HWBorm0\" class=\"yotu-video\" data-videoid=\"lnR2HWBorm0\" data-title=\"L\\&#039;origine de notre nom\" title=\"L&#039;origine de notre nom\">\n\t\t\t\t\t<div class=\"yotu-video-thumb-wrp\">\n\t\t\t\t\t\t<div>\n\t\t\t\t\t\t\t\t\t\t\t\t\t\t<img decoding=\"async\" class=\"yotu-video-thumb\" src=\"https:\/\/i.ytimg.com\/vi\/lnR2HWBorm0\/sddefault.jpg\" alt=\"L&#039;origine de notre nom\">\t\n\t\t\t\t\t\t\t\t\t\t\t\t\t<\/div>\n\t\t\t\t\t<\/div>\n\t\t\t\t\t\t\t\t\t\t\t<h3 class=\"yotu-video-title\">L'origine de notre nom<\/h3>\n\t\t\t\t\t\t\t\t\t\t\t\t\t\t\t\t\t\t\t<\/a>\n\t\t\t\t\t\t\t<\/li>\n\t\t\t\t\n\t\t\t\t\t\t<li class=\"\">\n\t\t\t\t\t\t\t\t<a href=\"#3Efkb6M7dQU\" class=\"yotu-video\" data-videoid=\"3Efkb6M7dQU\" data-title=\"Bonne ann\u00e9e 2023\" title=\"Bonne ann\u00e9e 2023\">\n\t\t\t\t\t<div class=\"yotu-video-thumb-wrp\">\n\t\t\t\t\t\t<div>\n\t\t\t\t\t\t\t\t\t\t\t\t\t\t<img decoding=\"async\" class=\"yotu-video-thumb\" src=\"https:\/\/i.ytimg.com\/vi\/3Efkb6M7dQU\/sddefault.jpg\" alt=\"Bonne ann\u00e9e 2023\">\t\n\t\t\t\t\t\t\t\t\t\t\t\t\t<\/div>\n\t\t\t\t\t<\/div>\n\t\t\t\t\t\t\t\t\t\t\t<h3 class=\"yotu-video-title\">Bonne ann\u00e9e 2023<\/h3>\n\t\t\t\t\t\t\t\t\t\t\t\t\t\t\t\t\t\t\t<\/a>\n\t\t\t\t\t\t\t<\/li>\n\t\t\t\t\n\t\t\t\t\t\t<li class=\"\">\n\t\t\t\t\t\t\t\t<a href=\"#e8U4fJYytxU\" class=\"yotu-video\" data-videoid=\"e8U4fJYytxU\" data-title=\"2022, des vendanges hors norme\" title=\"2022, des vendanges hors norme\">\n\t\t\t\t\t<div class=\"yotu-video-thumb-wrp\">\n\t\t\t\t\t\t<div>\n\t\t\t\t\t\t\t\t\t\t\t\t\t\t<img decoding=\"async\" class=\"yotu-video-thumb\" src=\"https:\/\/i.ytimg.com\/vi\/e8U4fJYytxU\/sddefault.jpg\" alt=\"2022, des vendanges hors norme\">\t\n\t\t\t\t\t\t\t\t\t\t\t\t\t<\/div>\n\t\t\t\t\t<\/div>\n\t\t\t\t\t\t\t\t\t\t\t<h3 class=\"yotu-video-title\">2022, des vendanges hors norme<\/h3>\n\t\t\t\t\t\t\t\t\t\t\t\t\t\t\t\t\t\t\t<\/a>\n\t\t\t\t\t\t\t<\/li>\n\t\t\t\t\n\t\t\t\t\t\t<li class=\"\">\n\t\t\t\t\t\t\t\t<a href=\"#FoyjEPS7XK8\" class=\"yotu-video\" data-videoid=\"FoyjEPS7XK8\" data-title=\"Fin des vendanges 2022\" title=\"Fin des vendanges 2022\">\n\t\t\t\t\t<div class=\"yotu-video-thumb-wrp\">\n\t\t\t\t\t\t<div>\n\t\t\t\t\t\t\t\t\t\t\t\t\t\t<img decoding=\"async\" class=\"yotu-video-thumb\" src=\"https:\/\/i.ytimg.com\/vi\/FoyjEPS7XK8\/sddefault.jpg\" alt=\"Fin des vendanges 2022\">\t\n\t\t\t\t\t\t\t\t\t\t\t\t\t<\/div>\n\t\t\t\t\t<\/div>\n\t\t\t\t\t\t\t\t\t\t\t<h3 class=\"yotu-video-title\">Fin des vendanges 2022<\/h3>\n\t\t\t\t\t\t\t\t\t\t\t\t\t\t\t\t\t\t\t<\/a>\n\t\t\t\t\t\t\t<\/li>\n\t\t\t\t\n\t\t\t\t\t\t<li class=\"\">\n\t\t\t\t\t\t\t\t<a href=\"#qT9Ud4sr5xs\" class=\"yotu-video\" data-videoid=\"qT9Ud4sr5xs\" data-title=\"Vendanges 2022 \u00e0 Grand Corbin-Despagne\" title=\"Vendanges 2022 \u00e0 Grand Corbin-Despagne\">\n\t\t\t\t\t<div class=\"yotu-video-thumb-wrp\">\n\t\t\t\t\t\t<div>\n\t\t\t\t\t\t\t\t\t\t\t\t\t\t<img decoding=\"async\" class=\"yotu-video-thumb\" src=\"https:\/\/i.ytimg.com\/vi\/qT9Ud4sr5xs\/sddefault.jpg\" alt=\"Vendanges 2022 \u00e0 Grand Corbin-Despagne\">\t\n\t\t\t\t\t\t\t\t\t\t\t\t\t<\/div>\n\t\t\t\t\t<\/div>\n\t\t\t\t\t\t\t\t\t\t\t<h3 class=\"yotu-video-title\">Vendanges 2022 \u00e0 Grand Corbin-Despagne<\/h3>\n\t\t\t\t\t\t\t\t\t\t\t\t\t\t\t\t\t\t\t<\/a>\n\t\t\t\t\t\t\t<\/li>\n\t\t\t\t\n\t\t\t\t\t\t<li class=\"\">\n\t\t\t\t\t\t\t\t<a href=\"#3UmfjRk11m4\" class=\"yotu-video\" data-videoid=\"3UmfjRk11m4\" data-title=\"Ch\u00e2teau Grand Corbin-Despagne - Mill\u00e9sime 2021 En Primeurs\" title=\"Ch\u00e2teau Grand Corbin-Despagne - Mill\u00e9sime 2021 En Primeurs\">\n\t\t\t\t\t<div class=\"yotu-video-thumb-wrp\">\n\t\t\t\t\t\t<div>\n\t\t\t\t\t\t\t\t\t\t\t\t\t\t<img decoding=\"async\" class=\"yotu-video-thumb\" src=\"https:\/\/i.ytimg.com\/vi\/3UmfjRk11m4\/sddefault.jpg\" alt=\"Ch\u00e2teau Grand Corbin-Despagne - Mill\u00e9sime 2021 En Primeurs\">\t\n\t\t\t\t\t\t\t\t\t\t\t\t\t<\/div>\n\t\t\t\t\t<\/div>\n\t\t\t\t\t\t\t\t\t\t\t<h3 class=\"yotu-video-title\">Ch\u00e2teau Grand Corbin-Despagne - Mill\u00e9sime 2021 En Primeurs<\/h3>\n\t\t\t\t\t\t\t\t\t\t\t\t\t\t\t\t\t\t\t<\/a>\n\t\t\t\t\t\t\t<\/li>\n\t\t\t\t\n\t\t\t\t\t\t<li class=\"\">\n\t\t\t\t\t\t\t\t<a href=\"#fEbJfJc9de8\" class=\"yotu-video\" data-videoid=\"fEbJfJc9de8\" data-title=\"1903\u20262020\" title=\"1903\u20262020\">\n\t\t\t\t\t<div class=\"yotu-video-thumb-wrp\">\n\t\t\t\t\t\t<div>\n\t\t\t\t\t\t\t\t\t\t\t\t\t\t<img decoding=\"async\" class=\"yotu-video-thumb\" src=\"https:\/\/i.ytimg.com\/vi\/fEbJfJc9de8\/sddefault.jpg\" alt=\"1903\u20262020\">\t\n\t\t\t\t\t\t\t\t\t\t\t\t\t<\/div>\n\t\t\t\t\t<\/div>\n\t\t\t\t\t\t\t\t\t\t\t<h3 class=\"yotu-video-title\">1903\u20262020<\/h3>\n\t\t\t\t\t\t\t\t\t\t\t\t\t\t\t\t\t\t\t<\/a>\n\t\t\t\t\t\t\t<\/li>\n\t\t\t\t\n\t\t\t\t\t\t<li class=\"\">\n\t\t\t\t\t\t\t\t<a href=\"#EskHj-1Qdms\" class=\"yotu-video\" data-videoid=\"EskHj-1Qdms\" data-title=\"Notre bouteille\" title=\"Notre bouteille\">\n\t\t\t\t\t<div class=\"yotu-video-thumb-wrp\">\n\t\t\t\t\t\t<div>\n\t\t\t\t\t\t\t\t\t\t\t\t\t\t<img decoding=\"async\" class=\"yotu-video-thumb\" src=\"https:\/\/i.ytimg.com\/vi\/EskHj-1Qdms\/sddefault.jpg\" alt=\"Notre bouteille\">\t\n\t\t\t\t\t\t\t\t\t\t\t\t\t<\/div>\n\t\t\t\t\t<\/div>\n\t\t\t\t\t\t\t\t\t\t\t<h3 class=\"yotu-video-title\">Notre bouteille<\/h3>\n\t\t\t\t\t\t\t\t\t\t\t\t\t\t\t\t\t\t\t<\/a>\n\t\t\t\t\t\t\t<\/li>\n\t\t\t\t\n\t\t\t\t\t\t<li class=\"\">\n\t\t\t\t\t\t\t\t<a href=\"#soexWwInjvY\" class=\"yotu-video\" data-videoid=\"soexWwInjvY\" data-title=\"Le Cabernet franc\" title=\"Le Cabernet franc\">\n\t\t\t\t\t<div class=\"yotu-video-thumb-wrp\">\n\t\t\t\t\t\t<div>\n\t\t\t\t\t\t\t\t\t\t\t\t\t\t<img decoding=\"async\" class=\"yotu-video-thumb\" src=\"https:\/\/i.ytimg.com\/vi\/soexWwInjvY\/sddefault.jpg\" alt=\"Le Cabernet franc\">\t\n\t\t\t\t\t\t\t\t\t\t\t\t\t<\/div>\n\t\t\t\t\t<\/div>\n\t\t\t\t\t\t\t\t\t\t\t<h3 class=\"yotu-video-title\">Le Cabernet franc<\/h3>\n\t\t\t\t\t\t\t\t\t\t\t\t\t\t\t\t\t\t\t<\/a>\n\t\t\t\t\t\t\t<\/li>\n\t\t\t\t\n\t\t\t\t\t\t<li class=\"\">\n\t\t\t\t\t\t\t\t<a href=\"#efz4jgQaQSk\" class=\"yotu-video\" data-videoid=\"efz4jgQaQSk\" data-title=\"Joyeux No\u00ebl de Grand Corbin-Despagne\" title=\"Joyeux No\u00ebl de Grand Corbin-Despagne\">\n\t\t\t\t\t<div class=\"yotu-video-thumb-wrp\">\n\t\t\t\t\t\t<div>\n\t\t\t\t\t\t\t\t\t\t\t\t\t\t<img decoding=\"async\" class=\"yotu-video-thumb\" src=\"https:\/\/i.ytimg.com\/vi\/efz4jgQaQSk\/sddefault.jpg\" alt=\"Joyeux No\u00ebl de Grand Corbin-Despagne\">\t\n\t\t\t\t\t\t\t\t\t\t\t\t\t<\/div>\n\t\t\t\t\t<\/div>\n\t\t\t\t\t\t\t\t\t\t\t<h3 class=\"yotu-video-title\">Joyeux No\u00ebl de Grand Corbin-Despagne<\/h3>\n\t\t\t\t\t\t\t\t\t\t\t\t\t\t\t\t\t\t\t<\/a>\n\t\t\t\t\t\t\t<\/li>\n\t\t\t\t\n\t\t\t\t\t\t<li class=\"\">\n\t\t\t\t\t\t\t\t<a href=\"#f8NHZAI86BA\" class=\"yotu-video\" data-videoid=\"f8NHZAI86BA\" data-title=\"Vendanges 2021\" title=\"Vendanges 2021\">\n\t\t\t\t\t<div class=\"yotu-video-thumb-wrp\">\n\t\t\t\t\t\t<div>\n\t\t\t\t\t\t\t\t\t\t\t\t\t\t<img decoding=\"async\" class=\"yotu-video-thumb\" src=\"https:\/\/i.ytimg.com\/vi\/f8NHZAI86BA\/sddefault.jpg\" alt=\"Vendanges 2021\">\t\n\t\t\t\t\t\t\t\t\t\t\t\t\t<\/div>\n\t\t\t\t\t<\/div>\n\t\t\t\t\t\t\t\t\t\t\t<h3 class=\"yotu-video-title\">Vendanges 2021<\/h3>\n\t\t\t\t\t\t\t\t\t\t\t\t\t\t\t\t\t\t\t<\/a>\n\t\t\t\t\t\t\t<\/li>\n\t\t\t\t\n\t\t\t\t\t\t<li class=\"\">\n\t\t\t\t\t\t\t\t<a href=\"#pVpeB2cgrl0\" class=\"yotu-video\" data-videoid=\"pVpeB2cgrl0\" data-title=\"Les levures indig\u00e8nes\" title=\"Les levures indig\u00e8nes\">\n\t\t\t\t\t<div class=\"yotu-video-thumb-wrp\">\n\t\t\t\t\t\t<div>\n\t\t\t\t\t\t\t\t\t\t\t\t\t\t<img decoding=\"async\" class=\"yotu-video-thumb\" src=\"https:\/\/i.ytimg.com\/vi\/pVpeB2cgrl0\/sddefault.jpg\" alt=\"Les levures indig\u00e8nes\">\t\n\t\t\t\t\t\t\t\t\t\t\t\t\t<\/div>\n\t\t\t\t\t<\/div>\n\t\t\t\t\t\t\t\t\t\t\t<h3 class=\"yotu-video-title\">Les levures indig\u00e8nes<\/h3>\n\t\t\t\t\t\t\t\t\t\t\t\t\t\t\t\t\t\t\t<\/a>\n\t\t\t\t\t\t\t<\/li>\n\t\t\t\t\n\t\t\t\t\t\t<li class=\"\">\n\t\t\t\t\t\t\t\t<a href=\"#Re9lcIMhxk4\" class=\"yotu-video\" data-videoid=\"Re9lcIMhxk4\" data-title=\"Le nouveau cuvier\" title=\"Le nouveau cuvier\">\n\t\t\t\t\t<div class=\"yotu-video-thumb-wrp\">\n\t\t\t\t\t\t<div>\n\t\t\t\t\t\t\t\t\t\t\t\t\t\t<img decoding=\"async\" class=\"yotu-video-thumb\" src=\"https:\/\/i.ytimg.com\/vi\/Re9lcIMhxk4\/sddefault.jpg\" alt=\"Le nouveau cuvier\">\t\n\t\t\t\t\t\t\t\t\t\t\t\t\t<\/div>\n\t\t\t\t\t<\/div>\n\t\t\t\t\t\t\t\t\t\t\t<h3 class=\"yotu-video-title\">Le nouveau cuvier<\/h3>\n\t\t\t\t\t\t\t\t\t\t\t\t\t\t\t\t\t\t\t<\/a>\n\t\t\t\t\t\t\t<\/li>\n\t\t\t\t\n\t\t\t\t\t\t<li class=\"\">\n\t\t\t\t\t\t\t\t<a href=\"#J6MahyA1uT8\" class=\"yotu-video\" data-videoid=\"J6MahyA1uT8\" data-title=\"Les Primeurs 2020 \u00e0 Grand Corbin-Despagne\" title=\"Les Primeurs 2020 \u00e0 Grand Corbin-Despagne\">\n\t\t\t\t\t<div class=\"yotu-video-thumb-wrp\">\n\t\t\t\t\t\t<div>\n\t\t\t\t\t\t\t\t\t\t\t\t\t\t<img decoding=\"async\" class=\"yotu-video-thumb\" src=\"https:\/\/i.ytimg.com\/vi\/J6MahyA1uT8\/sddefault.jpg\" alt=\"Les Primeurs 2020 \u00e0 Grand Corbin-Despagne\">\t\n\t\t\t\t\t\t\t\t\t\t\t\t\t<\/div>\n\t\t\t\t\t<\/div>\n\t\t\t\t\t\t\t\t\t\t\t<h3 class=\"yotu-video-title\">Les Primeurs 2020 \u00e0 Grand Corbin-Despagne<\/h3>\n\t\t\t\t\t\t\t\t\t\t\t\t\t\t\t\t\t\t\t<\/a>\n\t\t\t\t\t\t\t<\/li>\n\t\t\t\t\n\t\t\t\t\t\t<li class=\"\">\n\t\t\t\t\t\t\t\t<a href=\"#03C8pezJ49E\" class=\"yotu-video\" data-videoid=\"03C8pezJ49E\" data-title=\"Les fosses p\u00e9dologiques\" title=\"Les fosses p\u00e9dologiques\">\n\t\t\t\t\t<div class=\"yotu-video-thumb-wrp\">\n\t\t\t\t\t\t<div>\n\t\t\t\t\t\t\t\t\t\t\t\t\t\t<img decoding=\"async\" class=\"yotu-video-thumb\" src=\"https:\/\/i.ytimg.com\/vi\/03C8pezJ49E\/sddefault.jpg\" alt=\"Les fosses p\u00e9dologiques\">\t\n\t\t\t\t\t\t\t\t\t\t\t\t\t<\/div>\n\t\t\t\t\t<\/div>\n\t\t\t\t\t\t\t\t\t\t\t<h3 class=\"yotu-video-title\">Les fosses p\u00e9dologiques<\/h3>\n\t\t\t\t\t\t\t\t\t\t\t\t\t\t\t\t\t\t\t<\/a>\n\t\t\t\t\t\t\t<\/li>\n\t\t\t\t\n\t\t\t\t\t\t<li class=\"\">\n\t\t\t\t\t\t\t\t<a href=\"#72fgIbE7UA8\" class=\"yotu-video\" data-videoid=\"72fgIbE7UA8\" data-title=\"La taille de la vigne\" title=\"La taille de la vigne\">\n\t\t\t\t\t<div class=\"yotu-video-thumb-wrp\">\n\t\t\t\t\t\t<div>\n\t\t\t\t\t\t\t\t\t\t\t\t\t\t<img decoding=\"async\" class=\"yotu-video-thumb\" src=\"https:\/\/i.ytimg.com\/vi\/72fgIbE7UA8\/sddefault.jpg\" alt=\"La taille de la vigne\">\t\n\t\t\t\t\t\t\t\t\t\t\t\t\t<\/div>\n\t\t\t\t\t<\/div>\n\t\t\t\t\t\t\t\t\t\t\t<h3 class=\"yotu-video-title\">La taille de la vigne<\/h3>\n\t\t\t\t\t\t\t\t\t\t\t\t\t\t\t\t\t\t\t<\/a>\n\t\t\t\t\t\t\t<\/li>\n\t\t\t\t\n\t\t\t\t\t\t<li class=\"\">\n\t\t\t\t\t\t\t\t<a href=\"#1pX5UBa73fQ\" class=\"yotu-video\" data-videoid=\"1pX5UBa73fQ\" data-title=\"Ch\u00e2teau Grand Corbin-Despagne vu du ciel\" title=\"Ch\u00e2teau Grand Corbin-Despagne vu du ciel\">\n\t\t\t\t\t<div class=\"yotu-video-thumb-wrp\">\n\t\t\t\t\t\t<div>\n\t\t\t\t\t\t\t\t\t\t\t\t\t\t<img decoding=\"async\" class=\"yotu-video-thumb\" src=\"https:\/\/i.ytimg.com\/vi\/1pX5UBa73fQ\/sddefault.jpg\" alt=\"Ch\u00e2teau Grand Corbin-Despagne vu du ciel\">\t\n\t\t\t\t\t\t\t\t\t\t\t\t\t<\/div>\n\t\t\t\t\t<\/div>\n\t\t\t\t\t\t\t\t\t\t\t<h3 class=\"yotu-video-title\">Ch\u00e2teau Grand Corbin-Despagne vu du ciel<\/h3>\n\t\t\t\t\t\t\t\t\t\t\t\t\t\t\t\t\t\t\t<\/a>\n\t\t\t\t\t\t\t<\/li>\n\t\t\t\t\n\t\t\t\t\t\t<li class=\"\">\n\t\t\t\t\t\t\t\t<a href=\"#B79Q1263cX0\" class=\"yotu-video\" data-videoid=\"B79Q1263cX0\" data-title=\"Ch\u00e2teau Grand Corbin-Despagne 2019\" title=\"Ch\u00e2teau Grand Corbin-Despagne 2019\">\n\t\t\t\t\t<div class=\"yotu-video-thumb-wrp\">\n\t\t\t\t\t\t<div>\n\t\t\t\t\t\t\t\t\t\t\t\t\t\t<img decoding=\"async\" class=\"yotu-video-thumb\" src=\"https:\/\/i.ytimg.com\/vi\/B79Q1263cX0\/sddefault.jpg\" alt=\"Ch\u00e2teau Grand Corbin-Despagne 2019\">\t\n\t\t\t\t\t\t\t\t\t\t\t\t\t<\/div>\n\t\t\t\t\t<\/div>\n\t\t\t\t\t\t\t\t\t\t\t<h3 class=\"yotu-video-title\">Ch\u00e2teau Grand Corbin-Despagne 2019<\/h3>\n\t\t\t\t\t\t\t\t\t\t\t\t\t\t\t\t\t\t\t<\/a>\n\t\t\t\t\t\t\t<\/li>\n\t\t\t\t\n\t\t\t\t\t\t<li class=\"\">\n\t\t\t\t\t\t\t\t<a href=\"#in8I3ZV3ddc\" class=\"yotu-video\" data-videoid=\"in8I3ZV3ddc\" data-title=\"Ch\u00e2teau Grand Corbin-Despagne | Grand Cru Class\u00e9 \u00e0 Saint-\u00c9milion\" title=\"Ch\u00e2teau Grand Corbin-Despagne | Grand Cru Class\u00e9 \u00e0 Saint-\u00c9milion\">\n\t\t\t\t\t<div class=\"yotu-video-thumb-wrp\">\n\t\t\t\t\t\t<div>\n\t\t\t\t\t\t\t\t\t\t\t\t\t\t<img decoding=\"async\" class=\"yotu-video-thumb\" src=\"https:\/\/i.ytimg.com\/vi\/in8I3ZV3ddc\/sddefault.jpg\" alt=\"Ch\u00e2teau Grand Corbin-Despagne | Grand Cru Class\u00e9 \u00e0 Saint-\u00c9milion\">\t\n\t\t\t\t\t\t\t\t\t\t\t\t\t<\/div>\n\t\t\t\t\t<\/div>\n\t\t\t\t\t\t\t\t\t\t\t<h3 class=\"yotu-video-title\">Ch\u00e2teau Grand Corbin-Despagne | Grand Cru Class\u00e9 \u00e0 Saint-\u00c9milion<\/h3>\n\t\t\t\t\t\t\t\t\t\t\t\t\t\t\t\t\t\t\t<\/a>\n\t\t\t\t\t\t\t<\/li>\n\t\t\t\t\n\t\t\t\t\t\t<li class=\"\">\n\t\t\t\t\t\t\t\t<a href=\"#ndg4x_I5TII\" class=\"yotu-video\" data-videoid=\"ndg4x_I5TII\" data-title=\"F\u00eates les vins kms de Saint-\u00c9milion 2019\" title=\"F\u00eates les vins kms de Saint-\u00c9milion 2019\">\n\t\t\t\t\t<div class=\"yotu-video-thumb-wrp\">\n\t\t\t\t\t\t<div>\n\t\t\t\t\t\t\t\t\t\t\t\t\t\t<img decoding=\"async\" class=\"yotu-video-thumb\" src=\"https:\/\/i.ytimg.com\/vi\/ndg4x_I5TII\/sddefault.jpg\" alt=\"F\u00eates les vins kms de Saint-\u00c9milion 2019\">\t\n\t\t\t\t\t\t\t\t\t\t\t\t\t<\/div>\n\t\t\t\t\t<\/div>\n\t\t\t\t\t\t\t\t\t\t\t<h3 class=\"yotu-video-title\">F\u00eates les vins kms de Saint-\u00c9milion 2019<\/h3>\n\t\t\t\t\t\t\t\t\t\t\t\t\t\t\t\t\t\t\t<\/a>\n\t\t\t\t\t\t\t<\/li>\n\t\t\t\t\n\t\t\t\t\t\t<li class=\"\">\n\t\t\t\t\t\t\t\t<a href=\"#6mnXph3cXwU\" class=\"yotu-video\" data-videoid=\"6mnXph3cXwU\" data-title=\"F\u00eates les vins kms de Saint-\u00c9milion 2018 \u00e0 Grand Corbin-Despagne\" title=\"F\u00eates les vins kms de Saint-\u00c9milion 2018 \u00e0 Grand Corbin-Despagne\">\n\t\t\t\t\t<div class=\"yotu-video-thumb-wrp\">\n\t\t\t\t\t\t<div>\n\t\t\t\t\t\t\t\t\t\t\t\t\t\t<img decoding=\"async\" class=\"yotu-video-thumb\" src=\"https:\/\/i.ytimg.com\/vi\/6mnXph3cXwU\/sddefault.jpg\" alt=\"F\u00eates les vins kms de Saint-\u00c9milion 2018 \u00e0 Grand Corbin-Despagne\">\t\n\t\t\t\t\t\t\t\t\t\t\t\t\t<\/div>\n\t\t\t\t\t<\/div>\n\t\t\t\t\t\t\t\t\t\t\t<h3 class=\"yotu-video-title\">F\u00eates les vins kms de Saint-\u00c9milion 2018 \u00e0 Grand Corbin-Despagne<\/h3>\n\t\t\t\t\t\t\t\t\t\t\t\t\t\t\t\t\t\t\t<\/a>\n\t\t\t\t\t\t\t<\/li>\n\t\t\t\t\n\t\t\t\t\t\t<li class=\"\">\n\t\t\t\t\t\t\t\t<a href=\"#59x4SjVcIsE\" class=\"yotu-video\" data-videoid=\"59x4SjVcIsE\" data-title=\"Le d\u00e9fi de la r\u00e9colte 2017 \u00e0 Grand Corbin-Despagne\" title=\"Le d\u00e9fi de la r\u00e9colte 2017 \u00e0 Grand Corbin-Despagne\">\n\t\t\t\t\t<div class=\"yotu-video-thumb-wrp\">\n\t\t\t\t\t\t<div>\n\t\t\t\t\t\t\t\t\t\t\t\t\t\t<img decoding=\"async\" class=\"yotu-video-thumb\" src=\"https:\/\/i.ytimg.com\/vi\/59x4SjVcIsE\/sddefault.jpg\" alt=\"Le d\u00e9fi de la r\u00e9colte 2017 \u00e0 Grand Corbin-Despagne\">\t\n\t\t\t\t\t\t\t\t\t\t\t\t\t<\/div>\n\t\t\t\t\t<\/div>\n\t\t\t\t\t\t\t\t\t\t\t<h3 class=\"yotu-video-title\">Le d\u00e9fi de la r\u00e9colte 2017 \u00e0 Grand Corbin-Despagne<\/h3>\n\t\t\t\t\t\t\t\t\t\t\t\t\t\t\t\t\t\t\t<\/a>\n\t\t\t\t\t\t\t<\/li>\n\t\t\t\t\n\t\t\t\t\t\t<li class=\"\">\n\t\t\t\t\t\t\t\t<a href=\"#DM5ROog4yA0\" class=\"yotu-video\" data-videoid=\"DM5ROog4yA0\" data-title=\"Gele\u0301es d\\&#039;avril 2017 \u00e0 Grand Corbin-Despagne\" title=\"Gele\u0301es d&#039;avril 2017 \u00e0 Grand Corbin-Despagne\">\n\t\t\t\t\t<div class=\"yotu-video-thumb-wrp\">\n\t\t\t\t\t\t<div>\n\t\t\t\t\t\t\t\t\t\t\t\t\t\t<img decoding=\"async\" class=\"yotu-video-thumb\" src=\"https:\/\/i.ytimg.com\/vi\/DM5ROog4yA0\/sddefault.jpg\" alt=\"Gele\u0301es d&#039;avril 2017 \u00e0 Grand Corbin-Despagne\">\t\n\t\t\t\t\t\t\t\t\t\t\t\t\t<\/div>\n\t\t\t\t\t<\/div>\n\t\t\t\t\t\t\t\t\t\t\t<h3 class=\"yotu-video-title\">Gele\u0301es d'avril 2017 \u00e0 Grand Corbin-Despagne<\/h3>\n\t\t\t\t\t\t\t\t\t\t\t\t\t\t\t\t\t\t\t<\/a>\n\t\t\t\t\t\t\t<\/li>\n\t\t\t\t\n\t\t\t\t\t\t<li class=\" yotu-last\">\n\t\t\t\t\t\t\t\t<a href=\"#I4HcrBHuX5Q\" class=\"yotu-video\" data-videoid=\"I4HcrBHuX5Q\" data-title=\"Ch\u00e2teau Grand Corbin-Despagne - Saint-\u00c9milion\" title=\"Ch\u00e2teau Grand Corbin-Despagne - Saint-\u00c9milion\">\n\t\t\t\t\t<div class=\"yotu-video-thumb-wrp\">\n\t\t\t\t\t\t<div>\n\t\t\t\t\t\t\t\t\t\t\t\t\t\t<img decoding=\"async\" class=\"yotu-video-thumb\" src=\"https:\/\/i.ytimg.com\/vi\/I4HcrBHuX5Q\/sddefault.jpg\" alt=\"Ch\u00e2teau Grand Corbin-Despagne - Saint-\u00c9milion\">\t\n\t\t\t\t\t\t\t\t\t\t\t\t\t<\/div>\n\t\t\t\t\t<\/div>\n\t\t\t\t\t\t\t\t\t\t\t<h3 class=\"yotu-video-title\">Ch\u00e2teau Grand Corbin-Despagne - Saint-\u00c9milion<\/h3>\n\t\t\t\t\t\t\t\t\t\t\t\t\t\t\t\t\t\t\t<\/a>\n\t\t\t\t\t\t\t<\/li>\n\t\t\t\t\n\t\t\t\t<\/ul>\n<\/div>\t\t\t\t<\/div>\n\t\t\t<\/div>\n\t\t\t\n<\/div>\n","protected":false},"excerpt":{"rendered":"","protected":false},"author":1,"featured_media":0,"parent":0,"menu_order":0,"comment_status":"closed","ping_status":"closed","template":"page-templates\/full-width.php","meta":{"footnotes":""},"class_list":["post-1369","page","type-page","status-publish","hentry"],"_links":{"self":[{"href":"https:\/\/www.grand-corbin-despagne.com\/en\/wp-json\/wp\/v2\/pages\/1369","targetHints":{"allow":["GET"]}}],"collection":[{"href":"https:\/\/www.grand-corbin-despagne.com\/en\/wp-json\/wp\/v2\/pages"}],"about":[{"href":"https:\/\/www.grand-corbin-despagne.com\/en\/wp-json\/wp\/v2\/types\/page"}],"author":[{"embeddable":true,"href":"https:\/\/www.grand-corbin-despagne.com\/en\/wp-json\/wp\/v2\/users\/1"}],"replies":[{"embeddable":true,"href":"https:\/\/www.grand-corbin-despagne.com\/en\/wp-json\/wp\/v2\/comments?post=1369"}],"version-history":[{"count":0,"href":"https:\/\/www.grand-corbin-despagne.com\/en\/wp-json\/wp\/v2\/pages\/1369\/revisions"}],"wp:attachment":[{"href":"https:\/\/www.grand-corbin-despagne.com\/en\/wp-json\/wp\/v2\/media?parent=1369"}],"curies":[{"name":"wp","href":"https:\/\/api.w.org\/{rel}","templated":true}]}}